{"id":53,"date":"2022-08-24T14:02:52","date_gmt":"2022-08-24T14:02:52","guid":{"rendered":"https:\/\/business.findoo.de\/?page_id=53"},"modified":"2023-05-17T15:02:15","modified_gmt":"2023-05-17T15:02:15","slug":"impressum","status":"publish","type":"page","link":"https:\/\/business.findoo.de\/en\/impressum","title":{"rendered":"Imprint"},"content":{"rendered":"<div data-elementor-type=\"wp-page\" data-elementor-id=\"53\" class=\"elementor elementor-53\" data-elementor-post-type=\"page\">\n\t\t\t\t\t\t<section class=\"elementor-section elementor-top-section elementor-element elementor-element-b6fb858 elementor-section-boxed elementor-section-height-default elementor-section-height-default\" data-id=\"b6fb858\" data-element_type=\"section\" data-e-type=\"section\" data-settings=\"{&quot;background_background&quot;:&quot;classic&quot;}\">\n\t\t\t\t\t\t\t<div class=\"elementor-background-overlay\"><\/div>\n\t\t\t\t\t\t\t<div class=\"elementor-container elementor-column-gap-default\">\n\t\t\t\t\t<div class=\"elementor-column elementor-col-100 elementor-top-column elementor-element elementor-element-0b8cee3\" data-id=\"0b8cee3\" data-element_type=\"column\" data-e-type=\"column\">\n\t\t\t<div class=\"elementor-widget-wrap elementor-element-populated\">\n\t\t\t\t\t\t<div class=\"elementor-element elementor-element-b7745a5 elementor-widget elementor-widget-heading\" data-id=\"b7745a5\" data-element_type=\"widget\" data-e-type=\"widget\" data-widget_type=\"heading.default\">\n\t\t\t\t<div class=\"elementor-widget-container\">\n\t\t\t\t\t<h1 class=\"elementor-heading-title elementor-size-default\">Impressum.<\/h1>\t\t\t\t<\/div>\n\t\t\t\t<\/div>\n\t\t\t\t<div class=\"elementor-element elementor-element-0b5f349 elementor-widget-divider--view-line elementor-widget elementor-widget-divider\" data-id=\"0b5f349\" data-element_type=\"widget\" data-e-type=\"widget\" data-widget_type=\"divider.default\">\n\t\t\t\t<div class=\"elementor-widget-container\">\n\t\t\t\t\t\t\t<div class=\"elementor-divider\">\n\t\t\t<span class=\"elementor-divider-separator\">\n\t\t\t\t\t\t<\/span>\n\t\t<\/div>\n\t\t\t\t\t\t<\/div>\n\t\t\t\t<\/div>\n\t\t\t\t<div class=\"elementor-element elementor-element-1f95840 elementor-widget elementor-widget-text-editor\" data-id=\"1f95840\" data-element_type=\"widget\" data-e-type=\"widget\" data-widget_type=\"text-editor.default\">\n\t\t\t\t<div class=\"elementor-widget-container\">\n\t\t\t\t\t\t\t\t\t<p><strong>findoo. Deutschland GmbH<\/strong><br \/>Toulouser Allee 19A<br \/>40211 D\u00fcsseldorf<\/p><p>Fon: +49 211 4363 231 \u2013 0<br \/>Kontakt: <a href=\"mailto:hello@findoo.de?subject=Contact%20HelpCenter\">hello@findoo.de<\/a><br \/>Support: <a href=\"mailto:support@findoo.de?subject=Contact%20Support%20Team%20\">support@findoo.de<\/a><\/p><p><strong>Gesch\u00e4ftsf\u00fchrer:<\/strong><br \/>Seyyed Ali Mir Resalatpanahi | Malte Siemoneit<\/p><p>Handelsregistereintragung:<br \/>Amtsgericht D\u00fcsseldorf<br \/>HRB 79641<br \/>USt-IdNr.: DE310241699<\/p><p>Verantwortliche f\u00fcr die journalistisch-redaktionelle Inhalte auf diesen Webseiten gem. \u00a7 55 Abs. 2 RStV sind:<br \/>Seyyed Ali Mir Resalatpanahi und Malte Siemoneit<\/p><p>Wir nehmen nicht an einem Streitbeilegungsverfahren vor einer Verbraucherschlichtungsstelle teil.<\/p><p>Online-Streitbeilegung gem\u00e4\u00df Art. 14 Abs. 1 ODR-VO (EU Nr. 524\/2013): Die Europ\u00e4ische Kommission stellt eine Plattform zur Online-Streitbeilegung (OS) bereit, die Sie hier finden <a href=\"http:\/\/ec.europa.eu\/consumers\/odr\/\">http:\/\/ec.europa.eu\/consumers\/odr\/<\/a><\/p><h2><strong>Haftungsausschluss<\/strong><\/h2><h4><strong>Haftung f\u00fcr Inhalte<\/strong><\/h4><p>Die Inhalte unse\u00adrer Sei\u00adten wur\u00adden mit gr\u00f6\u00df\u00adter Sorg\u00adfalt erstellt. F\u00fcr die Rich\u00adtig\u00adkeit, Voll\u00adst\u00e4n\u00addig\u00adkeit und Aktua\u00adli\u00adt\u00e4t der Inhalte k\u00f6n\u00adnen wir jedoch keine Gew\u00e4hr \u00fcber\u00adneh\u00admen. Als Diensteanbieter sind wir gem\u00e4\u00df \u00a7 7 Abs.1 TMG f\u00fcr eigene Inhalte auf diesen Seiten nach den allgemeinen Gesetzen verantwortlich. Nach \u00a7\u00a7 8 bis 10 TMG sind wir als Diensteanbieter jedoch nicht verpflichtet, \u00fcbermittelte oder gespeicherte fremde Informationen zu \u00fcberwachen oder nach Umst\u00e4nden zu forschen, die auf eine rechtswidrige T\u00e4tigkeit hinweisen. Verpflichtungen zur Entfernung oder Sperrung der Nutzung von Informationen nach den allgemeinen Gesetzen bleiben hiervon unber\u00fchrt. Eine diesbez\u00fcgliche Haftung ist jedoch erst ab dem Zeitpunkt der Kenntnis einer konkreten Rechtsverletzung m\u00f6glich. Bei Bekanntwerden von entsprechenden Rechtsverletzungen werden wir diese Inhalte umgehend entfernen.<\/p><h4><strong>Haftung f\u00fcr Links<\/strong><\/h4><p>Unser Angebot enth\u00e4lt Links zu externen Websites Dritter, auf deren Inhalte wir keinen Einfluss haben. Deshalb k\u00f6nnen wir f\u00fcr diese fremden Inhalte auch keine Gew\u00e4hr \u00fcbernehmen. F\u00fcr die Inhalte der verlinkten Seiten ist stets der jeweilige Anbieter oder Betreiber der Seiten verantwortlich. Die verlinkten Seiten wurden zum Zeitpunkt der Verlinkung auf m\u00f6gliche Rechtsverst\u00f6\u00dfe \u00fcberpr\u00fcft. Rechtswidrige Inhalte waren zum Zeitpunkt der Verlinkung nicht erkennbar. Eine permanente inhaltliche Kontrolle der verlinkten Seiten ist jedoch ohne konkrete Anhaltspunkte einer Rechtsverletzung nicht zumutbar. Bei Bekanntwerden von Rechtsverletzungen werden wir derartige Links umgehend entfernen.<\/p><h4><strong>Urheberrecht<\/strong><\/h4><p>Die durch die Seitenbetreiber erstellten Inhalte und Werke auf diesen Seiten unterliegen dem deutschen Urheberrecht. Die Vervielf\u00e4ltigung, Bearbeitung, Verbreitung und jede Art der Verwertung au\u00dferhalb der Grenzen des Urheberrechtes bed\u00fcrfen der schriftlichen Zustimmung des jeweiligen Autors bzw. Erstellers. Downloads und Kopien dieser Seite sind nur f\u00fcr den privaten, nicht kommerziellen Gebrauch gestattet. Soweit die Inhalte auf dieser Seite nicht vom Betreiber erstellt wurden, werden die Urheberrechte Dritter beachtet. Insbesondere werden Inhalte Dritter als solche gekennzeichnet. Sollten Sie trotzdem auf eine Urheberrechtsverletzung aufmerksam werden, bitten wir um einen entsprechenden Hinweis. Bei Bekanntwerden von Rechtsverletzungen werden wir derartige Inhalte umgehend entfernen.<\/p>\t\t\t\t\t\t\t\t<\/div>\n\t\t\t\t<\/div>\n\t\t\t\t\t<\/div>\n\t\t<\/div>\n\t\t\t\t\t<\/div>\n\t\t<\/section>\n\t\t\t\t<\/div>","protected":false},"excerpt":{"rendered":"<p>Impressum. findoo. Deutschland GmbHToulouser Allee 19A40211 D\u00fcsseldorf Fon: +49 211 4363 231 \u2013 0Kontakt: hello@findoo.deSupport: support@findoo.de Gesch\u00e4ftsf\u00fchrer:Seyyed Ali Mir Resalatpanahi | Malte Siemoneit Handelsregistereintragung:Amtsgericht D\u00fcsseldorfHRB 79641USt-IdNr.: DE310241699 Verantwortliche f\u00fcr die journalistisch-redaktionelle Inhalte auf diesen Webseiten gem. \u00a7 55 Abs. 2 RStV sind:Seyyed Ali Mir Resalatpanahi und Malte Siemoneit Wir nehmen nicht an einem Streitbeilegungsverfahren vor&hellip;&nbsp;<a href=\"https:\/\/business.findoo.de\/en\/impressum\" rel=\"bookmark\">Read More &raquo;<span class=\"screen-reader-text\">Imprint<\/span><\/a><\/p>","protected":false},"author":1,"featured_media":0,"parent":0,"menu_order":5,"comment_status":"closed","ping_status":"closed","template":"page-templates\/template-pagebuilder-full-width.php","meta":{"_acf_changed":false,"inline_featured_image":false,"neve_meta_sidebar":"full-width","neve_meta_container":"","neve_meta_enable_content_width":"on","neve_meta_content_width":100,"neve_meta_title_alignment":"","neve_meta_author_avatar":"","neve_post_elements_order":"","neve_meta_disable_header":"","neve_meta_disable_footer":"","neve_meta_disable_title":"","footnotes":""},"class_list":["post-53","page","type-page","status-publish","hentry"],"acf":[],"yoast_head":"<!-- This site is optimized with the Yoast SEO plugin v27.3 - https:\/\/yoast.com\/product\/yoast-seo-wordpress\/ -->\n<title>Impressum - findoo.<\/title>\n<meta name=\"robots\" content=\"index, follow, max-snippet:-1, max-image-preview:large, max-video-preview:-1\" \/>\n<link rel=\"canonical\" href=\"https:\/\/business.findoo.de\/en\/impressum\/\" \/>\n<meta property=\"og:locale\" content=\"en_GB\" \/>\n<meta property=\"og:type\" content=\"article\" \/>\n<meta property=\"og:title\" content=\"Impressum - findoo.\" \/>\n<meta property=\"og:description\" content=\"Impressum. findoo. Deutschland GmbHToulouser Allee 19A40211 D\u00fcsseldorf Fon: +49 211 4363 231 \u2013 0Kontakt: hello@findoo.deSupport: support@findoo.de Gesch\u00e4ftsf\u00fchrer:Seyyed Ali Mir Resalatpanahi | Malte Siemoneit Handelsregistereintragung:Amtsgericht D\u00fcsseldorfHRB 79641USt-IdNr.: DE310241699 Verantwortliche f\u00fcr die journalistisch-redaktionelle Inhalte auf diesen Webseiten gem. \u00a7 55 Abs. 2 RStV sind:Seyyed Ali Mir Resalatpanahi und Malte Siemoneit Wir nehmen nicht an einem Streitbeilegungsverfahren vor&hellip;&nbsp;Read More &raquo;Impressum\" \/>\n<meta property=\"og:url\" content=\"https:\/\/business.findoo.de\/en\/impressum\/\" \/>\n<meta property=\"og:site_name\" content=\"findoo.\" \/>\n<meta property=\"article:modified_time\" content=\"2023-05-17T15:02:15+00:00\" \/>\n<meta name=\"twitter:card\" content=\"summary_large_image\" \/>\n<meta name=\"twitter:label1\" content=\"Estimated reading time\" \/>\n\t<meta name=\"twitter:data1\" content=\"3 minutes\" \/>\n<script type=\"application\/ld+json\" class=\"yoast-schema-graph\">{\"@context\":\"https:\\\/\\\/schema.org\",\"@graph\":[{\"@type\":\"WebPage\",\"@id\":\"https:\\\/\\\/business.findoo.de\\\/impressum\",\"url\":\"https:\\\/\\\/business.findoo.de\\\/impressum\",\"name\":\"Impressum - findoo.\",\"isPartOf\":{\"@id\":\"https:\\\/\\\/business.findoo.de\\\/#website\"},\"datePublished\":\"2022-08-24T14:02:52+00:00\",\"dateModified\":\"2023-05-17T15:02:15+00:00\",\"breadcrumb\":{\"@id\":\"https:\\\/\\\/business.findoo.de\\\/impressum#breadcrumb\"},\"inLanguage\":\"en-GB\",\"potentialAction\":[{\"@type\":\"ReadAction\",\"target\":[\"https:\\\/\\\/business.findoo.de\\\/impressum\"]}]},{\"@type\":\"BreadcrumbList\",\"@id\":\"https:\\\/\\\/business.findoo.de\\\/impressum#breadcrumb\",\"itemListElement\":[{\"@type\":\"ListItem\",\"position\":1,\"name\":\"Startseite\",\"item\":\"https:\\\/\\\/business.findoo.de\\\/\"},{\"@type\":\"ListItem\",\"position\":2,\"name\":\"Impressum\"}]},{\"@type\":\"WebSite\",\"@id\":\"https:\\\/\\\/business.findoo.de\\\/#website\",\"url\":\"https:\\\/\\\/business.findoo.de\\\/\",\"name\":\"findoo.\",\"description\":\"\",\"publisher\":{\"@id\":\"https:\\\/\\\/business.findoo.de\\\/#organization\"},\"potentialAction\":[{\"@type\":\"SearchAction\",\"target\":{\"@type\":\"EntryPoint\",\"urlTemplate\":\"https:\\\/\\\/business.findoo.de\\\/?s={search_term_string}\"},\"query-input\":{\"@type\":\"PropertyValueSpecification\",\"valueRequired\":true,\"valueName\":\"search_term_string\"}}],\"inLanguage\":\"en-GB\"},{\"@type\":\"Organization\",\"@id\":\"https:\\\/\\\/business.findoo.de\\\/#organization\",\"name\":\"findoo.\",\"url\":\"https:\\\/\\\/business.findoo.de\\\/\",\"logo\":{\"@type\":\"ImageObject\",\"inLanguage\":\"en-GB\",\"@id\":\"https:\\\/\\\/business.findoo.de\\\/#\\\/schema\\\/logo\\\/image\\\/\",\"url\":\"https:\\\/\\\/business.findoo.de\\\/wp-content\\\/uploads\\\/2022\\\/08\\\/cropped-findoo-sitelogo-final.png\",\"contentUrl\":\"https:\\\/\\\/business.findoo.de\\\/wp-content\\\/uploads\\\/2022\\\/08\\\/cropped-findoo-sitelogo-final.png\",\"width\":200,\"height\":42,\"caption\":\"findoo.\"},\"image\":{\"@id\":\"https:\\\/\\\/business.findoo.de\\\/#\\\/schema\\\/logo\\\/image\\\/\"}}]}<\/script>\n<!-- \/ Yoast SEO plugin. -->","yoast_head_json":{"title":"Impressum - findoo.","robots":{"index":"index","follow":"follow","max-snippet":"max-snippet:-1","max-image-preview":"max-image-preview:large","max-video-preview":"max-video-preview:-1"},"canonical":"https:\/\/business.findoo.de\/en\/impressum\/","og_locale":"en_GB","og_type":"article","og_title":"Impressum - findoo.","og_description":"Impressum. findoo. Deutschland GmbHToulouser Allee 19A40211 D\u00fcsseldorf Fon: +49 211 4363 231 \u2013 0Kontakt: hello@findoo.deSupport: support@findoo.de Gesch\u00e4ftsf\u00fchrer:Seyyed Ali Mir Resalatpanahi | Malte Siemoneit Handelsregistereintragung:Amtsgericht D\u00fcsseldorfHRB 79641USt-IdNr.: DE310241699 Verantwortliche f\u00fcr die journalistisch-redaktionelle Inhalte auf diesen Webseiten gem. \u00a7 55 Abs. 2 RStV sind:Seyyed Ali Mir Resalatpanahi und Malte Siemoneit Wir nehmen nicht an einem Streitbeilegungsverfahren vor&hellip;&nbsp;Read More &raquo;Impressum","og_url":"https:\/\/business.findoo.de\/en\/impressum\/","og_site_name":"findoo.","article_modified_time":"2023-05-17T15:02:15+00:00","twitter_card":"summary_large_image","twitter_misc":{"Estimated reading time":"3 minutes"},"schema":{"@context":"https:\/\/schema.org","@graph":[{"@type":"WebPage","@id":"https:\/\/business.findoo.de\/impressum","url":"https:\/\/business.findoo.de\/impressum","name":"Impressum - findoo.","isPartOf":{"@id":"https:\/\/business.findoo.de\/#website"},"datePublished":"2022-08-24T14:02:52+00:00","dateModified":"2023-05-17T15:02:15+00:00","breadcrumb":{"@id":"https:\/\/business.findoo.de\/impressum#breadcrumb"},"inLanguage":"en-GB","potentialAction":[{"@type":"ReadAction","target":["https:\/\/business.findoo.de\/impressum"]}]},{"@type":"BreadcrumbList","@id":"https:\/\/business.findoo.de\/impressum#breadcrumb","itemListElement":[{"@type":"ListItem","position":1,"name":"Startseite","item":"https:\/\/business.findoo.de\/"},{"@type":"ListItem","position":2,"name":"Impressum"}]},{"@type":"WebSite","@id":"https:\/\/business.findoo.de\/#website","url":"https:\/\/business.findoo.de\/","name":"findoo.","description":"","publisher":{"@id":"https:\/\/business.findoo.de\/#organization"},"potentialAction":[{"@type":"SearchAction","target":{"@type":"EntryPoint","urlTemplate":"https:\/\/business.findoo.de\/?s={search_term_string}"},"query-input":{"@type":"PropertyValueSpecification","valueRequired":true,"valueName":"search_term_string"}}],"inLanguage":"en-GB"},{"@type":"Organization","@id":"https:\/\/business.findoo.de\/#organization","name":"findoo.","url":"https:\/\/business.findoo.de\/","logo":{"@type":"ImageObject","inLanguage":"en-GB","@id":"https:\/\/business.findoo.de\/#\/schema\/logo\/image\/","url":"https:\/\/business.findoo.de\/wp-content\/uploads\/2022\/08\/cropped-findoo-sitelogo-final.png","contentUrl":"https:\/\/business.findoo.de\/wp-content\/uploads\/2022\/08\/cropped-findoo-sitelogo-final.png","width":200,"height":42,"caption":"findoo."},"image":{"@id":"https:\/\/business.findoo.de\/#\/schema\/logo\/image\/"}}]}},"_links":{"self":[{"href":"https:\/\/business.findoo.de\/en\/wp-json\/wp\/v2\/pages\/53","targetHints":{"allow":["GET"]}}],"collection":[{"href":"https:\/\/business.findoo.de\/en\/wp-json\/wp\/v2\/pages"}],"about":[{"href":"https:\/\/business.findoo.de\/en\/wp-json\/wp\/v2\/types\/page"}],"author":[{"embeddable":true,"href":"https:\/\/business.findoo.de\/en\/wp-json\/wp\/v2\/users\/1"}],"replies":[{"embeddable":true,"href":"https:\/\/business.findoo.de\/en\/wp-json\/wp\/v2\/comments?post=53"}],"version-history":[{"count":40,"href":"https:\/\/business.findoo.de\/en\/wp-json\/wp\/v2\/pages\/53\/revisions"}],"predecessor-version":[{"id":1675,"href":"https:\/\/business.findoo.de\/en\/wp-json\/wp\/v2\/pages\/53\/revisions\/1675"}],"wp:attachment":[{"href":"https:\/\/business.findoo.de\/en\/wp-json\/wp\/v2\/media?parent=53"}],"curies":[{"name":"wp","href":"https:\/\/api.w.org\/{rel}","templated":true}]}}